{"id":2,"date":"2018-11-04T21:07:53","date_gmt":"2018-11-04T19:07:53","guid":{"rendered":"http:\/\/jasu.servebeer.com\/sivut\/wordpress\/?page_id=2"},"modified":"2020-10-06T19:10:35","modified_gmt":"2020-10-06T16:10:35","slug":"audiomittauksia","status":"publish","type":"page","link":"http:\/\/jasun.hifisivut.dy.fi\/index.php\/hifi\/audiomittauksia\/","title":{"rendered":"Measurements of hifi-devices."},"content":{"rendered":"\n<div class=\"wp-block-group\"><div class=\"wp-block-group__inner-container is-layout-flow wp-block-group-is-layout-flow\">\n<p><img loading=\"lazy\" decoding=\"async\" class=\"alignnone wp-image-6 size-full\" src=\"http:\/\/jasu.servebeer.com\/sivut\/wordpress\/wp-content\/uploads\/2018\/11\/koksii-ty\u00f6huone-l\u00e4hikentt\u00e4.jpg\" alt=\"\" width=\"1284\" height=\"664\" srcset=\"http:\/\/jasun.hifisivut.dy.fi\/sivut\/wordpress\/wp-content\/uploads\/2018\/11\/koksii-ty\u00f6huone-l\u00e4hikentt\u00e4.jpg 1284w, http:\/\/jasun.hifisivut.dy.fi\/sivut\/wordpress\/wp-content\/uploads\/2018\/11\/koksii-ty\u00f6huone-l\u00e4hikentt\u00e4-300x155.jpg 300w, http:\/\/jasun.hifisivut.dy.fi\/sivut\/wordpress\/wp-content\/uploads\/2018\/11\/koksii-ty\u00f6huone-l\u00e4hikentt\u00e4-768x397.jpg 768w, http:\/\/jasun.hifisivut.dy.fi\/sivut\/wordpress\/wp-content\/uploads\/2018\/11\/koksii-ty\u00f6huone-l\u00e4hikentt\u00e4-1024x530.jpg 1024w\" sizes=\"auto, (max-width: 1284px) 100vw, 1284px\" \/><\/p>\n<p>Coaxial speaker near field measurement<\/p>\n<p><img loading=\"lazy\" decoding=\"async\" class=\"alignleft wp-image-7 size-full\" style=\"font-size: 1rem;\" src=\"http:\/\/jasu.servebeer.com\/sivut\/wordpress\/wp-content\/uploads\/2018\/11\/koksitorni-vasen.jpg\" alt=\"\" width=\"1284\" height=\"664\" srcset=\"http:\/\/jasun.hifisivut.dy.fi\/sivut\/wordpress\/wp-content\/uploads\/2018\/11\/koksitorni-vasen.jpg 1284w, http:\/\/jasun.hifisivut.dy.fi\/sivut\/wordpress\/wp-content\/uploads\/2018\/11\/koksitorni-vasen-300x155.jpg 300w, http:\/\/jasun.hifisivut.dy.fi\/sivut\/wordpress\/wp-content\/uploads\/2018\/11\/koksitorni-vasen-768x397.jpg 768w, http:\/\/jasun.hifisivut.dy.fi\/sivut\/wordpress\/wp-content\/uploads\/2018\/11\/koksitorni-vasen-1024x530.jpg 1024w\" sizes=\"auto, (max-width: 1284px) 100vw, 1284px\" \/><\/p>\n<p>Coaxial speaker and woofer tower measured from 1 meters. 50Hz peak is not real but more of interference from somewhere.<\/p>\n<\/div><\/div>\n\n\n\n<p>Chorus mondo center speaker measurements<\/p>\n\n\n\n<figure class=\"wp-block-image size-large\"><img loading=\"lazy\" decoding=\"async\" width=\"1024\" height=\"546\" src=\"http:\/\/jasun.hifisivut.dy.fi\/sivut\/wordpress\/wp-content\/uploads\/2020\/10\/Chorus-mondo-center-mittaukset-06102020-1024x546.jpg\" alt=\"\" class=\"wp-image-205\" srcset=\"http:\/\/jasun.hifisivut.dy.fi\/sivut\/wordpress\/wp-content\/uploads\/2020\/10\/Chorus-mondo-center-mittaukset-06102020-1024x546.jpg 1024w, http:\/\/jasun.hifisivut.dy.fi\/sivut\/wordpress\/wp-content\/uploads\/2020\/10\/Chorus-mondo-center-mittaukset-06102020-300x160.jpg 300w, http:\/\/jasun.hifisivut.dy.fi\/sivut\/wordpress\/wp-content\/uploads\/2020\/10\/Chorus-mondo-center-mittaukset-06102020-768x410.jpg 768w, http:\/\/jasun.hifisivut.dy.fi\/sivut\/wordpress\/wp-content\/uploads\/2020\/10\/Chorus-mondo-center-mittaukset-06102020-1536x820.jpg 1536w, http:\/\/jasun.hifisivut.dy.fi\/sivut\/wordpress\/wp-content\/uploads\/2020\/10\/Chorus-mondo-center-mittaukset-06102020-750x400.jpg 750w, http:\/\/jasun.hifisivut.dy.fi\/sivut\/wordpress\/wp-content\/uploads\/2020\/10\/Chorus-mondo-center-mittaukset-06102020.jpg 1833w\" sizes=\"auto, (max-width: 1024px) 100vw, 1024px\" \/><\/figure>\n\n\n\n<figure class=\"wp-block-image size-large\"><img loading=\"lazy\" decoding=\"async\" width=\"1024\" height=\"573\" src=\"http:\/\/jasun.hifisivut.dy.fi\/sivut\/wordpress\/wp-content\/uploads\/2020\/10\/chorus-mondo-10cm-ja-20cm-mittaukset-06102020-1024x573.jpg\" alt=\"\" class=\"wp-image-206\" srcset=\"http:\/\/jasun.hifisivut.dy.fi\/sivut\/wordpress\/wp-content\/uploads\/2020\/10\/chorus-mondo-10cm-ja-20cm-mittaukset-06102020-1024x573.jpg 1024w, http:\/\/jasun.hifisivut.dy.fi\/sivut\/wordpress\/wp-content\/uploads\/2020\/10\/chorus-mondo-10cm-ja-20cm-mittaukset-06102020-300x168.jpg 300w, http:\/\/jasun.hifisivut.dy.fi\/sivut\/wordpress\/wp-content\/uploads\/2020\/10\/chorus-mondo-10cm-ja-20cm-mittaukset-06102020-768x430.jpg 768w, http:\/\/jasun.hifisivut.dy.fi\/sivut\/wordpress\/wp-content\/uploads\/2020\/10\/chorus-mondo-10cm-ja-20cm-mittaukset-06102020-1536x860.jpg 1536w, http:\/\/jasun.hifisivut.dy.fi\/sivut\/wordpress\/wp-content\/uploads\/2020\/10\/chorus-mondo-10cm-ja-20cm-mittaukset-06102020.jpg 1833w\" sizes=\"auto, (max-width: 1024px) 100vw, 1024px\" \/><\/figure>\n\n\n\n<p>Very old speakers: B&amp;W DM12 from 1985 or something. <\/p>\n\n\n\n<figure class=\"wp-block-image size-large\"><img loading=\"lazy\" decoding=\"async\" width=\"1024\" height=\"546\" src=\"http:\/\/jasun.hifisivut.dy.fi\/sivut\/wordpress\/wp-content\/uploads\/2020\/10\/BW-DM12-mittaukset-06102020-1024x546.jpg\" alt=\"\" class=\"wp-image-208\" srcset=\"http:\/\/jasun.hifisivut.dy.fi\/sivut\/wordpress\/wp-content\/uploads\/2020\/10\/BW-DM12-mittaukset-06102020-1024x546.jpg 1024w, http:\/\/jasun.hifisivut.dy.fi\/sivut\/wordpress\/wp-content\/uploads\/2020\/10\/BW-DM12-mittaukset-06102020-300x160.jpg 300w, http:\/\/jasun.hifisivut.dy.fi\/sivut\/wordpress\/wp-content\/uploads\/2020\/10\/BW-DM12-mittaukset-06102020-768x410.jpg 768w, http:\/\/jasun.hifisivut.dy.fi\/sivut\/wordpress\/wp-content\/uploads\/2020\/10\/BW-DM12-mittaukset-06102020-1536x820.jpg 1536w, http:\/\/jasun.hifisivut.dy.fi\/sivut\/wordpress\/wp-content\/uploads\/2020\/10\/BW-DM12-mittaukset-06102020-750x400.jpg 750w, http:\/\/jasun.hifisivut.dy.fi\/sivut\/wordpress\/wp-content\/uploads\/2020\/10\/BW-DM12-mittaukset-06102020.jpg 1833w\" sizes=\"auto, (max-width: 1024px) 100vw, 1024px\" \/><\/figure>\n\n\n\n<p>Old cheap ones: JPW Minimonitors (tweeter cap changed from electrolytic to mkp). <\/p>\n\n\n\n<figure class=\"wp-block-image size-large\"><img loading=\"lazy\" decoding=\"async\" width=\"1024\" height=\"546\" src=\"http:\/\/jasun.hifisivut.dy.fi\/sivut\/wordpress\/wp-content\/uploads\/2020\/10\/jpw-mimo-mittaukset-06102020-1024x546.jpg\" alt=\"\" class=\"wp-image-209\" srcset=\"http:\/\/jasun.hifisivut.dy.fi\/sivut\/wordpress\/wp-content\/uploads\/2020\/10\/jpw-mimo-mittaukset-06102020-1024x546.jpg 1024w, http:\/\/jasun.hifisivut.dy.fi\/sivut\/wordpress\/wp-content\/uploads\/2020\/10\/jpw-mimo-mittaukset-06102020-300x160.jpg 300w, http:\/\/jasun.hifisivut.dy.fi\/sivut\/wordpress\/wp-content\/uploads\/2020\/10\/jpw-mimo-mittaukset-06102020-768x410.jpg 768w, http:\/\/jasun.hifisivut.dy.fi\/sivut\/wordpress\/wp-content\/uploads\/2020\/10\/jpw-mimo-mittaukset-06102020-1536x820.jpg 1536w, http:\/\/jasun.hifisivut.dy.fi\/sivut\/wordpress\/wp-content\/uploads\/2020\/10\/jpw-mimo-mittaukset-06102020-750x400.jpg 750w, http:\/\/jasun.hifisivut.dy.fi\/sivut\/wordpress\/wp-content\/uploads\/2020\/10\/jpw-mimo-mittaukset-06102020.jpg 1833w\" sizes=\"auto, (max-width: 1024px) 100vw, 1024px\" \/><\/figure>\n\n\n\n<p>Main speakers measured from listening position. some oddities occurs. <\/p>\n\n\n\n<figure class=\"wp-block-image size-large\"><img loading=\"lazy\" decoding=\"async\" width=\"1024\" height=\"546\" src=\"http:\/\/jasun.hifisivut.dy.fi\/sivut\/wordpress\/wp-content\/uploads\/2020\/10\/mittaus-kuuntelupaikka05102020-1024x546.jpg\" alt=\"\" class=\"wp-image-210\" srcset=\"http:\/\/jasun.hifisivut.dy.fi\/sivut\/wordpress\/wp-content\/uploads\/2020\/10\/mittaus-kuuntelupaikka05102020-1024x546.jpg 1024w, http:\/\/jasun.hifisivut.dy.fi\/sivut\/wordpress\/wp-content\/uploads\/2020\/10\/mittaus-kuuntelupaikka05102020-300x160.jpg 300w, http:\/\/jasun.hifisivut.dy.fi\/sivut\/wordpress\/wp-content\/uploads\/2020\/10\/mittaus-kuuntelupaikka05102020-768x410.jpg 768w, http:\/\/jasun.hifisivut.dy.fi\/sivut\/wordpress\/wp-content\/uploads\/2020\/10\/mittaus-kuuntelupaikka05102020-1536x820.jpg 1536w, http:\/\/jasun.hifisivut.dy.fi\/sivut\/wordpress\/wp-content\/uploads\/2020\/10\/mittaus-kuuntelupaikka05102020-750x400.jpg 750w, http:\/\/jasun.hifisivut.dy.fi\/sivut\/wordpress\/wp-content\/uploads\/2020\/10\/mittaus-kuuntelupaikka05102020.jpg 1833w\" sizes=\"auto, (max-width: 1024px) 100vw, 1024px\" \/><\/figure>\n","protected":false},"excerpt":{"rendered":"<p>Coaxial speaker near field measurement Coaxial speaker and woofer tower measured from 1 meters. 50Hz peak is not real but more of interference from somewhere. Chorus mondo center speaker measurements Very old speakers: B&amp;W DM12 from 1985 or something. Old cheap ones: JPW Minimonitors (tweeter cap changed from electrolytic to mkp). Main speakers measured from &hellip; <\/p>\n<p><a class=\"more-link btn\" href=\"http:\/\/jasun.hifisivut.dy.fi\/index.php\/hifi\/audiomittauksia\/\">Jatka lukemista<\/a><\/p>\n","protected":false},"author":1,"featured_media":0,"parent":19,"menu_order":0,"comment_status":"closed","ping_status":"open","template":"","meta":{"footnotes":""},"class_list":["post-2","page","type-page","status-publish","hentry","nodate","item-wrap"],"_links":{"self":[{"href":"http:\/\/jasun.hifisivut.dy.fi\/index.php\/wp-json\/wp\/v2\/pages\/2","targetHints":{"allow":["GET"]}}],"collection":[{"href":"http:\/\/jasun.hifisivut.dy.fi\/index.php\/wp-json\/wp\/v2\/pages"}],"about":[{"href":"http:\/\/jasun.hifisivut.dy.fi\/index.php\/wp-json\/wp\/v2\/types\/page"}],"author":[{"embeddable":true,"href":"http:\/\/jasun.hifisivut.dy.fi\/index.php\/wp-json\/wp\/v2\/users\/1"}],"replies":[{"embeddable":true,"href":"http:\/\/jasun.hifisivut.dy.fi\/index.php\/wp-json\/wp\/v2\/comments?post=2"}],"version-history":[{"count":12,"href":"http:\/\/jasun.hifisivut.dy.fi\/index.php\/wp-json\/wp\/v2\/pages\/2\/revisions"}],"predecessor-version":[{"id":211,"href":"http:\/\/jasun.hifisivut.dy.fi\/index.php\/wp-json\/wp\/v2\/pages\/2\/revisions\/211"}],"up":[{"embeddable":true,"href":"http:\/\/jasun.hifisivut.dy.fi\/index.php\/wp-json\/wp\/v2\/pages\/19"}],"wp:attachment":[{"href":"http:\/\/jasun.hifisivut.dy.fi\/index.php\/wp-json\/wp\/v2\/media?parent=2"}],"curies":[{"name":"wp","href":"https:\/\/api.w.org\/{rel}","templated":true}]}}